{"id":209,"date":"2020-11-09T13:39:52","date_gmt":"2020-11-09T12:39:52","guid":{"rendered":"http:\/\/www.jemelle.be\/?page_id=209"},"modified":"2020-11-09T14:09:38","modified_gmt":"2020-11-09T13:09:38","slug":"folklore","status":"publish","type":"page","link":"https:\/\/www.jemelle.be\/index.php\/folklore\/","title":{"rendered":"Folklore"},"content":{"rendered":"\n<figure class=\"wp-block-image size-large\"><img decoding=\"async\" loading=\"lazy\" width=\"1024\" height=\"682\" src=\"http:\/\/www.jemelle.be\/wp-content\/uploads\/2020\/11\/nggallery_import\/2L9A6221-1024x682.jpg\" alt=\"\" class=\"wp-image-215\" srcset=\"https:\/\/www.jemelle.be\/wp-content\/uploads\/2020\/11\/nggallery_import\/2L9A6221-1024x682.jpg 1024w, https:\/\/www.jemelle.be\/wp-content\/uploads\/2020\/11\/nggallery_import\/2L9A6221-300x200.jpg 300w, https:\/\/www.jemelle.be\/wp-content\/uploads\/2020\/11\/nggallery_import\/2L9A6221-768x512.jpg 768w, https:\/\/www.jemelle.be\/wp-content\/uploads\/2020\/11\/nggallery_import\/2L9A6221.jpg 1280w\" sizes=\"(max-width: 767px) 89vw, (max-width: 1000px) 54vw, (max-width: 1071px) 543px, 580px\" \/><\/figure>\n\n\n\n<p>Natole Delavaux est orphelin et est adopt\u00e9 par les jemellois au d\u00e9but du 20\u00e8 si\u00e8cle. Ce gros mangeur est le vainqueur du concours de \u00ab\u00a0mougneu d&rsquo;jote\u00a0\u00bb (mangeur de d&rsquo;jote) peu avant 1930. Son app\u00e9tit \u00e9tait incroyable: apr\u00e8s avoir vaincu 19 adversaires, il demanda qu&rsquo;on lui laisse une cro\u00fbte de pain pour racler les assiettes des participants. Pour cet exploit, il fut nomm\u00e9 \u00ab\u00a0Rw\u00e9 des raletscheux d&rsquo;pelles\u00a0\u00bb (roi des l\u00e8cheurs d&rsquo;assiettes).<\/p>\n\n\n\n<p>Les Jemellois refont revivre ce personnage sous l&rsquo;apparence d&rsquo;un g\u00e9ant que l&rsquo;on nomme Anatole, roi des mougneux d&rsquo;jote.<br><br><\/p>\n\n\n\n<p>\u00ab\u00a0La statue de Natole Creton qui se trouve devant l&rsquo;\u00e9cole communale a \u00e9t\u00e9 mise en place et inaugur\u00e9e en m\u00eame temps que celle de sainte Marguerite qui se trouve devant le Phare (inauguration le dimanche 12 d\u00e9cembre 2004) ; ces renseignements sont extraits du cahier du SI de l&rsquo;ann\u00e9e 2018 \u00ab\u00a0le Kiosque de Jemelle\u00a0\u00bb.(Jean-Luc Fivet)<\/p>\n\n\n\n<figure class=\"wp-block-image size-large\"><img decoding=\"async\" loading=\"lazy\" width=\"837\" height=\"1024\" src=\"http:\/\/www.jemelle.be\/wp-content\/uploads\/2020\/11\/Capture-de\u0301cran-2020-11-09-a\u0300-14.02.49-837x1024.png\" alt=\"\" class=\"wp-image-222\" srcset=\"https:\/\/www.jemelle.be\/wp-content\/uploads\/2020\/11\/Capture-de\u0301cran-2020-11-09-a\u0300-14.02.49-837x1024.png 837w, https:\/\/www.jemelle.be\/wp-content\/uploads\/2020\/11\/Capture-de\u0301cran-2020-11-09-a\u0300-14.02.49-245x300.png 245w, https:\/\/www.jemelle.be\/wp-content\/uploads\/2020\/11\/Capture-de\u0301cran-2020-11-09-a\u0300-14.02.49-768x940.png 768w, https:\/\/www.jemelle.be\/wp-content\/uploads\/2020\/11\/Capture-de\u0301cran-2020-11-09-a\u0300-14.02.49.png 850w\" sizes=\"(max-width: 767px) 89vw, (max-width: 1000px) 54vw, (max-width: 1071px) 543px, 580px\" \/><\/figure>\n\n\n\n<p>\u00ab\u00a0Actuellement, c&rsquo;est <a href=\"https:\/\/www.gamedella.com\" data-type=\"URL\" data-id=\"https:\/\/www.gamedella.com\" target=\"_blank\" rel=\"noreferrer noopener\">Gamedella<\/a> (Maison de Quartier) qui en assure la garde (les statues sont en d\u00e9p\u00f4t dans l&rsquo;\u00e9glise pour les bustes, dans le garage du presbyt\u00e8re pour les \u00ab\u00a0jupes\u00a0\u00bb et \u00e0 Gamedella pour les costumes)<br>Nous (SI Jemelle) \u00a0avions envisag\u00e9 l&rsquo;an dernier d&rsquo;ouvrir la kermesse 2020 avec ces g\u00e9ants ; mais ce maudit coronavirus a chamboul\u00e9 nos plans. Ce n&rsquo;est que partie remise, bien s\u00fbr !\u00a0\u00bb<br>(Jean-Luc Fivet)<br><\/p>\n\n\n\n<figure class=\"is-layout-flex wp-block-gallery-1 wp-block-gallery columns-1 is-cropped\"><ul class=\"blocks-gallery-grid\"><li class=\"blocks-gallery-item\"><figure><img decoding=\"async\" loading=\"lazy\" width=\"1024\" height=\"682\" src=\"http:\/\/www.jemelle.be\/wp-content\/uploads\/2020\/11\/IMG_4001-1024x682.jpg\" alt=\"\" data-id=\"45\" data-full-url=\"http:\/\/www.jemelle.be\/wp-content\/uploads\/2020\/11\/IMG_4001.jpg\" data-link=\"http:\/\/www.jemelle.be\/index.php\/le-nouveau-e-mucem-ouvre-ses-portes-2__trashed\/img_4001\/\" class=\"wp-image-45\" srcset=\"https:\/\/www.jemelle.be\/wp-content\/uploads\/2020\/11\/IMG_4001-1024x682.jpg 1024w, https:\/\/www.jemelle.be\/wp-content\/uploads\/2020\/11\/IMG_4001-300x200.jpg 300w, https:\/\/www.jemelle.be\/wp-content\/uploads\/2020\/11\/IMG_4001-768x512.jpg 768w, https:\/\/www.jemelle.be\/wp-content\/uploads\/2020\/11\/IMG_4001.jpg 1280w\" sizes=\"(max-width: 767px) 89vw, (max-width: 1000px) 54vw, (max-width: 1071px) 543px, 580px\" \/><\/figure><\/li><\/ul><\/figure>\n\n\n\n<p><br>Selon la l\u00e9gende, \u00e0 l\u2019occasion d\u2019un concours de mangeurs de djote organis\u00e9 \u00e0 Jemelle, on salua l\u2019\u00e9crasante victoire de Natole Cr\u00e8ton qui, non content de surclasser les autres concurrents, se permit d\u2019engouffrer ce que son adversaire le plus direct avait laiss\u00e9 dans son assiette. De l\u00e0 vient le sobriquet des Jemellois : l\u00e8s ral\u00e8tche\u00fbs d\u2019 p\u00eale, mais aussi : l\u00e8s mougne\u00fbs d\u2019 djote.<br><\/p>\n\n\n\n<p>Sur pareil terrain, une Confr\u00e9rie de la Djote devait naturellement na\u00eetre. Ce fut le cas en 1972 mais pour deux ann\u00e9es d\u2019activit\u00e9 seulement. En 1981, Arthur Breuskin, entour\u00e9 des principaux fondateurs, MM. Doicesco, Lathuraz, P. Michel, F. Cuvelier, M. et S. G\u00e9nicot, A. Herman, J. Henrotin et A. Dalem, ressuscita la Confr\u00e9rie. Les membres d\u2019honneur, qui viennent grossir les rangs de cette confr\u00e9rie philanthropique, pr\u00eatent le serment suivant :<br><\/p>\n\n\n\n<p class=\"has-text-align-center\">\u00ab De la Confr\u00e9rie de la Djote, la loi accepteras.<br>Fid\u00e8le \u00e0 ton serment, en ral\u00e8tche\u00fbs, tu te comporteras.<br>Savoir, bon sens, bon coeur, apporteras.<br>Au service de la r\u00e9gion, te placeras.<br>Honneur, action et d\u00e9vouement, mettras<br>En toutes circonstances, quand il le faudra.<br>Objectivement et calmement, discuteras.<br>Loyalement et compl\u00e8tement informeras.<br>Joyeux luron, aimant la vie, resteras.<br>Bon vin et cr\u00e2sse djote, tu avaleras<br>Afin qu\u2019\u00e0 table, bon ral\u00e8tche\u00fbs, tu deviendras. \u00bb<\/p>\n\n\n\n<p><br>La Confr\u00e9rie a aussi adopt\u00e9 un hymne, celui qui fut compos\u00e9, paroles et musique, par Jules Delhaize de On : \u00ab V\u00eeve li djote \u00bb. Une copie m\u2019en a \u00e9t\u00e9 fournie par Th\u00e9o Ramelot de Jemelle, en m\u00eame temps qu\u2019il me documentait sur la Confr\u00e9rie de la Djote dont il est un membre de la toute premi\u00e8re heure.<\/p>\n\n\n\n<p>Chanson enregistr\u00e9e dans \u00ab On \u00bb et \u00ab Jemelle Namur \u00bb &#8211; l\u2019auteur est de On &#8211;<br>1.<br>Nos vikans dins on payis<br>D\u2019 o\u00fb k\u2019 l\u00e8s djins sav\u00e8t co r\u00eere.<br>Gn-a co place po d\u00e8s pachis,<br>Po d\u00e8s bw\u00e8s \u00e8t d\u00e8s p\u00e8z\u00eeres.<br>\u00c8le n\u2019 \u00e8st nin grande, nosse Fam\u00e8ne,<br>Nin dandj\u00ee dol r\u00e8p\u00e8t\u00e8.<br>M\u00eas intrez dins nos cuj\u00e8nes<br>\u00c8t v\u2019 v\u00e8rez \u00e7\u2019 k\u2019 on pout goster.<br>Refrain.<br>One bone cr\u00f4sse djote,<br>\u00c7a f\u00eat pl\u00eaji.<br>One bone cr\u00f4sse djote,<br>Gn-a rin d\u2019 pus h\u00eati.<br>Mougnez dol djote<br>Po vik\u00e8 e\u00fbre\u00fbs.<br>Mougnez dol djote,<br>I gn-a rin d\u2019 m\u00e8ye\u00fb.<br>2.<br>Dins l\u00e8s viles, f\u00f4t st-assoti,<br>Vos n\u2019 s\u00f4r\u00eez vik\u00e8 p\u00f4j\u00eere.<br>L\u00e8s djins vor\u00e8t, m\u00e8s-amis,<br>Come d\u00e8s mouches dins one tch\u00e8t\u00eere.<br>\u00d4to\u00fb d\u2019 Pogne, c\u2019\u00e8st nin par\u00e8y :<br>On prind co l\u2019 tins do sofl\u00e8<br>\u00c8t tot chuflant one M\u00e8rv\u00e8ye,<br>On s\u00eat \u00e7\u2019 k\u2019 i f\u00f4t aval\u00e8.<br>3.<br>Po l\u00e8s c\u00ees ki n\u2019 ont rin v\u00e8yu,<br>F\u00f4t k\u2019 on-z-\u00e8ksplike l\u2019 at\u00e8l\u00e9e :<br>Am\u00f4dur\u00e8 on cabu,<br>C\u2019 \u00e8st nin c\u00fbre one cabol\u00e9e.<br>Si on dit k\u2019 one djote mod\u00eale<br>Dut \u00e8sse ritch\u00f4f\u00e8ye s\u00e8t\u2019 c\u00f4ps,<br>C\u2019 \u00e8st k\u2019 mon l\u00e8s ral\u00e8tche\u00fbs d\u2019 p\u00eale,<br>On n\u2019 w\u00eate nin a on cr\u00e8ton.<br><\/p>\n\n\n\n<figure class=\"wp-block-image size-large\"><img decoding=\"async\" loading=\"lazy\" width=\"720\" height=\"1024\" src=\"http:\/\/www.jemelle.be\/wp-content\/uploads\/2020\/11\/Capture-de\u0301cran-2020-11-09-a\u0300-13.57.47-720x1024.png\" alt=\"\" class=\"wp-image-219\" srcset=\"https:\/\/www.jemelle.be\/wp-content\/uploads\/2020\/11\/Capture-de\u0301cran-2020-11-09-a\u0300-13.57.47-720x1024.png 720w, https:\/\/www.jemelle.be\/wp-content\/uploads\/2020\/11\/Capture-de\u0301cran-2020-11-09-a\u0300-13.57.47-211x300.png 211w, https:\/\/www.jemelle.be\/wp-content\/uploads\/2020\/11\/Capture-de\u0301cran-2020-11-09-a\u0300-13.57.47-768x1092.png 768w, https:\/\/www.jemelle.be\/wp-content\/uploads\/2020\/11\/Capture-de\u0301cran-2020-11-09-a\u0300-13.57.47-1080x1536.png 1080w, https:\/\/www.jemelle.be\/wp-content\/uploads\/2020\/11\/Capture-de\u0301cran-2020-11-09-a\u0300-13.57.47.png 1114w\" sizes=\"(max-width: 720px) 100vw, 720px\" \/><\/figure>\n\n\n\n<p class=\"has-small-font-size\">Glossaire :<br>Am\u00f4dur\u00e8 = discipliner, mettre au pas. \/ h\u00eati = sain, en bonne sant\u00e9. \/ mouche di tch\u00e8t\u00eere = abeille. \/ p\u00e8z\u00eere = grand champ, prairie, champ cultiv\u00e9. \/ p\u00f4j\u00eere = paisible. \/ tch\u00e8t\u00eere = ruche en paille en forme de cloche.<br>Deux noms propres dans le deuxi\u00e8me couplet demandent explication. \u00ab Pogne \u00bb d\u00e9signe Rochefort, anciennement appel\u00e9 Behogne, contract\u00e9 en \u00ab Pogne \u00bb. Quant \u00e0 la \u00ab M\u00e8rv\u00e8ye \u00bb, c\u2019est le nom donn\u00e9 aux merveilleuses Trappistes de Rochefort, qui, si Dieu existe, en constituent la preuve irr\u00e9futable.<\/p>\n\n\n\n<p><\/p>\n","protected":false},"excerpt":{"rendered":"<p>Natole Delavaux est orphelin et est adopt\u00e9 par les jemellois au d\u00e9but du 20\u00e8 si\u00e8cle. Ce gros mangeur est le vainqueur du concours de \u00ab\u00a0mougneu d&rsquo;jote\u00a0\u00bb (mangeur de d&rsquo;jote) peu avant 1930. Son app\u00e9tit \u00e9tait incroyable: apr\u00e8s avoir vaincu 19 adversaires, il demanda qu&rsquo;on lui laisse une cro\u00fbte de pain pour racler les assiettes des &hellip; <\/p>\n<p class=\"link-more\"><a href=\"https:\/\/www.jemelle.be\/index.php\/folklore\/\" class=\"more-link\">Continuer la lecture<span class=\"screen-reader-text\"> de &laquo;&nbsp;Folklore&nbsp;&raquo;<\/span><\/a><\/p>\n","protected":false},"author":1,"featured_media":0,"parent":0,"menu_order":0,"comment_status":"closed","ping_status":"closed","template":"","meta":{"ngg_post_thumbnail":89},"_links":{"self":[{"href":"https:\/\/www.jemelle.be\/index.php\/wp-json\/wp\/v2\/pages\/209"}],"collection":[{"href":"https:\/\/www.jemelle.be\/index.php\/wp-json\/wp\/v2\/pages"}],"about":[{"href":"https:\/\/www.jemelle.be\/index.php\/wp-json\/wp\/v2\/types\/page"}],"author":[{"embeddable":true,"href":"https:\/\/www.jemelle.be\/index.php\/wp-json\/wp\/v2\/users\/1"}],"replies":[{"embeddable":true,"href":"https:\/\/www.jemelle.be\/index.php\/wp-json\/wp\/v2\/comments?post=209"}],"version-history":[{"count":10,"href":"https:\/\/www.jemelle.be\/index.php\/wp-json\/wp\/v2\/pages\/209\/revisions"}],"predecessor-version":[{"id":226,"href":"https:\/\/www.jemelle.be\/index.php\/wp-json\/wp\/v2\/pages\/209\/revisions\/226"}],"wp:attachment":[{"href":"https:\/\/www.jemelle.be\/index.php\/wp-json\/wp\/v2\/media?parent=209"}],"curies":[{"name":"wp","href":"https:\/\/api.w.org\/{rel}","templated":true}]}}